{"id":874,"date":"2026-03-17T11:19:44","date_gmt":"2026-03-17T10:19:44","guid":{"rendered":"https:\/\/www.takeabreizh.com\/?page_id=874"},"modified":"2026-03-17T11:22:00","modified_gmt":"2026-03-17T10:22:00","slug":"mentions-new","status":"publish","type":"page","link":"https:\/\/www.takeabreizh.com\/index.php\/mentions-new\/","title":{"rendered":"MENTIONS NEW"},"content":{"rendered":"\t\t<div data-elementor-type=\"wp-page\" data-elementor-id=\"874\" class=\"elementor elementor-874\">\n\t\t\t\t<div class=\"elementor-element elementor-element-c44c3f4 e-flex e-con-boxed e-con e-parent\" data-id=\"c44c3f4\" data-element_type=\"container\" data-e-type=\"container\">\n\t\t\t\t\t<div class=\"e-con-inner\">\n\t\t\t\t<div class=\"elementor-element elementor-element-a931aa6 elementor-widget elementor-widget-image\" data-id=\"a931aa6\" data-element_type=\"widget\" data-e-type=\"widget\" data-widget_type=\"image.default\">\n\t\t\t\t\t\t\t\t\t\t\t\t\t\t\t<img fetchpriority=\"high\" decoding=\"async\" width=\"768\" height=\"512\" src=\"https:\/\/i0.wp.com\/www.takeabreizh.com\/wp-content\/uploads\/2026\/01\/ChatGPT-Image-20-janv.-2026-11_44_44-1.png?fit=768%2C512&amp;ssl=1\" class=\"attachment-medium_large size-medium_large wp-image-255\" alt=\"\" srcset=\"https:\/\/i0.wp.com\/www.takeabreizh.com\/wp-content\/uploads\/2026\/01\/ChatGPT-Image-20-janv.-2026-11_44_44-1.png?w=1536&amp;ssl=1 1536w, https:\/\/i0.wp.com\/www.takeabreizh.com\/wp-content\/uploads\/2026\/01\/ChatGPT-Image-20-janv.-2026-11_44_44-1.png?resize=600%2C400&amp;ssl=1 600w, https:\/\/i0.wp.com\/www.takeabreizh.com\/wp-content\/uploads\/2026\/01\/ChatGPT-Image-20-janv.-2026-11_44_44-1.png?resize=300%2C200&amp;ssl=1 300w, https:\/\/i0.wp.com\/www.takeabreizh.com\/wp-content\/uploads\/2026\/01\/ChatGPT-Image-20-janv.-2026-11_44_44-1.png?resize=1024%2C683&amp;ssl=1 1024w, https:\/\/i0.wp.com\/www.takeabreizh.com\/wp-content\/uploads\/2026\/01\/ChatGPT-Image-20-janv.-2026-11_44_44-1.png?resize=768%2C512&amp;ssl=1 768w\" sizes=\"(max-width: 768px) 100vw, 768px\" \/>\t\t\t\t\t\t\t\t\t\t\t\t\t\t\t<\/div>\n\t\t\t\t\t<\/div>\n\t\t\t\t<\/div>\n\t\t<div class=\"elementor-element elementor-element-e226651 e-flex e-con-boxed e-con e-parent\" data-id=\"e226651\" data-element_type=\"container\" data-e-type=\"container\">\n\t\t\t\t\t<div class=\"e-con-inner\">\n\t\t\t\t<div class=\"elementor-element elementor-element-6581111 elementor-widget elementor-widget-heading\" data-id=\"6581111\" data-element_type=\"widget\" data-e-type=\"widget\" data-widget_type=\"heading.default\">\n\t\t\t\t\t<h1 class=\"elementor-heading-title elementor-size-default\">MENTIONS L\u00c9GALES<\/h1>\t\t\t\t<\/div>\n\t\t\t\t\t<\/div>\n\t\t\t\t<\/div>\n\t\t<div class=\"elementor-element elementor-element-5945140 e-flex e-con-boxed e-con e-parent\" data-id=\"5945140\" data-element_type=\"container\" data-e-type=\"container\">\n\t\t\t\t\t<div class=\"e-con-inner\">\n\t\t\t\t<div class=\"elementor-element elementor-element-dba7d6d elementor-widget elementor-widget-text-editor\" data-id=\"dba7d6d\" data-element_type=\"widget\" data-e-type=\"widget\" data-widget_type=\"text-editor.default\">\n\t\t\t\t\t\t\t\t\t<p><b>Nom du site :<\/b><span style=\"font-weight: 400;\"> Take a Breizh<\/span><span style=\"font-weight: 400;\"><br \/><\/span><b>URL du site :<\/b><span style=\"font-weight: 400;\"> https:\/\/www.takeabreizh.com<\/span><\/p><p><b>\u00c9diteur du site :<\/b><b><br \/><\/b><span style=\"font-weight: 400;\">Take a Breizh<\/span><span style=\"font-weight: 400;\"><br \/><\/span><span style=\"font-weight: 400;\">Adresse : 20 rue Babeuf, 94140 Alfortville, France<\/span><span style=\"font-weight: 400;\"><br \/><\/span><span style=\"font-weight: 400;\">Responsable de la publication : Linda Percheron<\/span><span style=\"font-weight: 400;\"><br \/><\/span><span style=\"font-weight: 400;\">Adresse e-mail : contact@takeabreizh.com<\/span><\/p><p><b>H\u00e9bergement :<\/b><b><br \/><\/b><span style=\"font-weight: 400;\">Le site est h\u00e9berg\u00e9 par :<\/span><span style=\"font-weight: 400;\"><br \/><\/span><span style=\"font-weight: 400;\">OVHcloud<\/span><span style=\"font-weight: 400;\"><br \/><\/span><span style=\"font-weight: 400;\">2 rue Kellermann<\/span><span style=\"font-weight: 400;\"><br \/><\/span><span style=\"font-weight: 400;\">59100 Roubaix \u2013 France<\/span><span style=\"font-weight: 400;\"><br \/><\/span><span style=\"font-weight: 400;\">Site :<\/span><a href=\"https:\/\/www.ovhcloud.com\"> <span style=\"font-weight: 400;\">https:\/\/www.ovhcloud.com<\/span><\/a><\/p><p><b>Propri\u00e9t\u00e9 intellectuelle :<\/b><b><br \/><\/b><span style=\"font-weight: 400;\">L\u2019ensemble des contenus pr\u00e9sents sur le site Take a Breizh (textes, images, illustrations, graphismes, logo, cr\u00e9ations graphiques, produits d\u00e9riv\u00e9s, contenus \u00e9ditoriaux et litt\u00e9raires) est prot\u00e9g\u00e9 par le droit d\u2019auteur et la propri\u00e9t\u00e9 intellectuelle.<\/span><span style=\"font-weight: 400;\"><br \/><\/span><span style=\"font-weight: 400;\">Toute reproduction, repr\u00e9sentation, modification, publication ou adaptation, totale ou partielle, sans autorisation \u00e9crite pr\u00e9alable est interdite.<\/span><\/p><p><b>Donn\u00e9es personnelles :<\/b><b><br \/><\/b><span style=\"font-weight: 400;\">Les informations personnelles collect\u00e9es via le site (formulaire de contact, commande, cr\u00e9ation de compte client) sont utilis\u00e9es uniquement dans le cadre de la relation commerciale avec Take a Breizh.<\/span><span style=\"font-weight: 400;\"><br \/><\/span><span style=\"font-weight: 400;\">Conform\u00e9ment au R\u00e8glement G\u00e9n\u00e9ral sur la Protection des Donn\u00e9es (RGPD), vous disposez d\u2019un droit d\u2019acc\u00e8s, de rectification et de suppression de vos donn\u00e9es personnelles en adressant votre demande \u00e0 : contact@takeabreizh.com.<\/span><\/p><p><b>Cookies :<\/b><b><br \/><\/b><span style=\"font-weight: 400;\">Le site peut utiliser des cookies \u00e0 des fins de fonctionnement, de statistiques ou d\u2019am\u00e9lioration de l\u2019exp\u00e9rience utilisateur. Vous pouvez configurer votre navigateur pour refuser les cookies.<\/span><\/p><p><br \/><br \/><\/p>\t\t\t\t\t\t\t\t<\/div>\n\t\t\t\t\t<\/div>\n\t\t\t\t<\/div>\n\t\t\t\t<\/div>\n\t\t","protected":false},"excerpt":{"rendered":"<p>MENTIONS L\u00c9GALES Nom du site : Take a BreizhURL du site : https:\/\/www.takeabreizh.com \u00c9diteur du site :Take a BreizhAdresse : [&hellip;]<\/p>\n","protected":false},"author":1,"featured_media":0,"parent":0,"menu_order":0,"comment_status":"closed","ping_status":"closed","template":"elementor_header_footer","meta":{"site-sidebar-layout":"no-sidebar","site-content-layout":"","ast-site-content-layout":"full-width-container","site-content-style":"default","site-sidebar-style":"default","ast-global-header-display":"","ast-banner-title-visibility":"","ast-main-header-display":"","ast-hfb-above-header-display":"","ast-hfb-below-header-display":"","ast-hfb-mobile-header-display":"","site-post-title":"","ast-breadcrumbs-content":"","ast-featured-img":"disabled","footer-sml-layout":"","ast-disable-related-posts":"","theme-transparent-header-meta":"","adv-header-id-meta":"","stick-header-meta":"","header-above-stick-meta":"","header-main-stick-meta":"","header-below-stick-meta":"","astra-migrate-meta-layouts":"default","ast-page-background-enabled":"default","ast-page-background-meta":{"desktop":{"background-color":"var(--ast-global-color-5)","background-image":"","background-repeat":"repeat","background-position":"center center","background-size":"auto","background-attachment":"scroll","background-type":"","background-media":"","overlay-type":"","overlay-color":"","overlay-opacity":"","overlay-gradient":""},"tablet":{"background-color":"","background-image":"","background-repeat":"repeat","background-position":"center center","background-size":"auto","background-attachment":"scroll","background-type":"","background-media":"","overlay-type":"","overlay-color":"","overlay-opacity":"","overlay-gradient":""},"mobile":{"background-color":"","background-image":"","background-repeat":"repeat","background-position":"center center","background-size":"auto","background-attachment":"scroll","background-type":"","background-media":"","overlay-type":"","overlay-color":"","overlay-opacity":"","overlay-gradient":""}},"ast-content-background-meta":{"desktop":{"background-color":"var(--ast-global-color-4)","background-image":"","background-repeat":"repeat","background-position":"center center","background-size":"auto","background-attachment":"scroll","background-type":"","background-media":"","overlay-type":"","overlay-color":"","overlay-opacity":"","overlay-gradient":""},"tablet":{"background-color":"var(--ast-global-color-4)","background-image":"","background-repeat":"repeat","background-position":"center center","background-size":"auto","background-attachment":"scroll","background-type":"","background-media":"","overlay-type":"","overlay-color":"","overlay-opacity":"","overlay-gradient":""},"mobile":{"background-color":"var(--ast-global-color-4)","background-image":"","background-repeat":"repeat","background-position":"center center","background-size":"auto","background-attachment":"scroll","background-type":"","background-media":"","overlay-type":"","overlay-color":"","overlay-opacity":"","overlay-gradient":""}},"footnotes":""},"class_list":["post-874","page","type-page","status-publish","hentry"],"jetpack_sharing_enabled":true,"_links":{"self":[{"href":"https:\/\/www.takeabreizh.com\/index.php\/wp-json\/wp\/v2\/pages\/874","targetHints":{"allow":["GET"]}}],"collection":[{"href":"https:\/\/www.takeabreizh.com\/index.php\/wp-json\/wp\/v2\/pages"}],"about":[{"href":"https:\/\/www.takeabreizh.com\/index.php\/wp-json\/wp\/v2\/types\/page"}],"author":[{"embeddable":true,"href":"https:\/\/www.takeabreizh.com\/index.php\/wp-json\/wp\/v2\/users\/1"}],"replies":[{"embeddable":true,"href":"https:\/\/www.takeabreizh.com\/index.php\/wp-json\/wp\/v2\/comments?post=874"}],"version-history":[{"count":4,"href":"https:\/\/www.takeabreizh.com\/index.php\/wp-json\/wp\/v2\/pages\/874\/revisions"}],"predecessor-version":[{"id":878,"href":"https:\/\/www.takeabreizh.com\/index.php\/wp-json\/wp\/v2\/pages\/874\/revisions\/878"}],"wp:attachment":[{"href":"https:\/\/www.takeabreizh.com\/index.php\/wp-json\/wp\/v2\/media?parent=874"}],"curies":[{"name":"wp","href":"https:\/\/api.w.org\/{rel}","templated":true}]}}