{"id":862,"date":"2026-03-17T10:47:12","date_gmt":"2026-03-17T09:47:12","guid":{"rendered":"https:\/\/www.takeabreizh.com\/?page_id=862"},"modified":"2026-03-17T18:06:25","modified_gmt":"2026-03-17T17:06:25","slug":"a-propopos-new","status":"publish","type":"page","link":"https:\/\/www.takeabreizh.com\/index.php\/a-propopos-new\/","title":{"rendered":"a propopos  new"},"content":{"rendered":"\t\t<div data-elementor-type=\"wp-page\" data-elementor-id=\"862\" class=\"elementor elementor-862\">\n\t\t\t\t<div class=\"elementor-element elementor-element-a3e22e2 e-flex e-con-boxed e-con e-parent\" data-id=\"a3e22e2\" data-element_type=\"container\" data-e-type=\"container\">\n\t\t\t\t\t<div class=\"e-con-inner\">\n\t\t\t\t<div class=\"elementor-element elementor-element-fec47fd elementor-widget elementor-widget-image\" data-id=\"fec47fd\" data-element_type=\"widget\" data-e-type=\"widget\" data-widget_type=\"image.default\">\n\t\t\t\t\t\t\t\t\t\t\t\t\t\t\t<img fetchpriority=\"high\" decoding=\"async\" width=\"768\" height=\"512\" src=\"https:\/\/i0.wp.com\/www.takeabreizh.com\/wp-content\/uploads\/2026\/01\/ChatGPT-Image-20-janv.-2026-11_44_44-1.png?fit=768%2C512&amp;ssl=1\" class=\"attachment-medium_large size-medium_large wp-image-255\" alt=\"\" srcset=\"https:\/\/i0.wp.com\/www.takeabreizh.com\/wp-content\/uploads\/2026\/01\/ChatGPT-Image-20-janv.-2026-11_44_44-1.png?w=1536&amp;ssl=1 1536w, https:\/\/i0.wp.com\/www.takeabreizh.com\/wp-content\/uploads\/2026\/01\/ChatGPT-Image-20-janv.-2026-11_44_44-1.png?resize=600%2C400&amp;ssl=1 600w, https:\/\/i0.wp.com\/www.takeabreizh.com\/wp-content\/uploads\/2026\/01\/ChatGPT-Image-20-janv.-2026-11_44_44-1.png?resize=300%2C200&amp;ssl=1 300w, https:\/\/i0.wp.com\/www.takeabreizh.com\/wp-content\/uploads\/2026\/01\/ChatGPT-Image-20-janv.-2026-11_44_44-1.png?resize=1024%2C683&amp;ssl=1 1024w, https:\/\/i0.wp.com\/www.takeabreizh.com\/wp-content\/uploads\/2026\/01\/ChatGPT-Image-20-janv.-2026-11_44_44-1.png?resize=768%2C512&amp;ssl=1 768w\" sizes=\"(max-width: 768px) 100vw, 768px\" \/>\t\t\t\t\t\t\t\t\t\t\t\t\t\t\t<\/div>\n\t\t\t\t\t<\/div>\n\t\t\t\t<\/div>\n\t\t<div class=\"elementor-element elementor-element-9c8dfda e-flex e-con-boxed e-con e-parent\" data-id=\"9c8dfda\" data-element_type=\"container\" data-e-type=\"container\">\n\t\t\t\t\t<div class=\"e-con-inner\">\n\t\t\t\t<div class=\"elementor-element elementor-element-b86c714 elementor-widget elementor-widget-heading\" data-id=\"b86c714\" data-element_type=\"widget\" data-e-type=\"widget\" data-widget_type=\"heading.default\">\n\t\t\t\t\t<h1 class=\"elementor-heading-title elementor-size-default\">A PROPOS DE TAKE A BREIZH<\/h1>\t\t\t\t<\/div>\n\t\t\t\t<div class=\"elementor-element elementor-element-a5a360b elementor-widget elementor-widget-heading\" data-id=\"a5a360b\" data-element_type=\"widget\" data-e-type=\"widget\" data-widget_type=\"heading.default\">\n\t\t\t\t\t<h3 class=\"elementor-heading-title elementor-size-default\">UNE MAISON D'\u00c9DITION IND\u00c9PENDANTE<\/h3>\t\t\t\t<\/div>\n\t\t\t\t<div class=\"elementor-element elementor-element-ba0faa6 elementor-widget elementor-widget-text-editor\" data-id=\"ba0faa6\" data-element_type=\"widget\" data-e-type=\"widget\" data-widget_type=\"text-editor.default\">\n\t\t\t\t\t\t\t\t\t<p><span style=\"font-weight: 400;\">Take a Breizh est un projet \u00e9ditorial qui m\u00eale litt\u00e9rature jeunesse, cr\u00e9ation visuelle et patrimoine breton.<\/span><span style=\"font-weight: 400;\"><br \/><\/span><span style=\"font-weight: 400;\">L\u2019objectif : proposer des histoires <\/span>vivantes<span style=\"font-weight: 400;\">, ancr\u00e9es dans des lieux r\u00e9els, tout en renouvelant le regard port\u00e9 sur la Bretagne.<\/span><\/p><p><span style=\"font-weight: 400;\">La r\u00e9gion n\u2019est pas seulement un d\u00e9cor :<\/span><span style=\"font-weight: 400;\"><br \/><\/span><span style=\"font-weight: 400;\">elle devient un <\/span>acteur du r\u00e9cit<span style=\"font-weight: 400;\">, un terrain d\u2019aventure, une source in\u00e9puisable de l\u00e9gendes, de myst\u00e8res et d\u2019inspirations.<\/span><\/p>\t\t\t\t\t\t\t\t<\/div>\n\t\t\t\t<div class=\"elementor-element elementor-element-eb33992 elementor-widget elementor-widget-heading\" data-id=\"eb33992\" data-element_type=\"widget\" data-e-type=\"widget\" data-widget_type=\"heading.default\">\n\t\t\t\t\t<h3 class=\"elementor-heading-title elementor-size-default\">Une Saga entre enqu\u00eate, imaginaire et territoire:<br>Lande de L\u00e9gende - Chroniques bretonnes<\/h3>\t\t\t\t<\/div>\n\t\t\t\t<div class=\"elementor-element elementor-element-740cd48 elementor-widget elementor-widget-text-editor\" data-id=\"740cd48\" data-element_type=\"widget\" data-e-type=\"widget\" data-widget_type=\"text-editor.default\">\n\t\t\t\t\t\t\t\t\t<p><span style=\"font-weight: 400;\">Chaque roman de la saga <\/span><i><span style=\"font-weight: 400;\">Lande de l\u00e9gende \u2014 Chroniques bretonnes<\/span><\/i><span style=\"font-weight: 400;\"> s\u2019enracine dans un lieu pr\u00e9cis de Bretagne, choisi pour sa force symbolique et son potentiel narratif.<\/span><\/p><p><span style=\"font-weight: 400;\">Ces lieux parfois connus, parfois discrets, deviennent le point de d\u00e9part d\u2019enqu\u00eates men\u00e9es par des adolescents, dans une atmosph\u00e8re m\u00ealant :\u00a0<\/span><span style=\"font-style: inherit; font-family: -apple-system, BlinkMacSystemFont, 'Segoe UI', Roboto, Oxygen-Sans, Ubuntu, Cantarell, 'Helvetica Neue', sans-serif;\">histoire locale,\u00a0<\/span><span style=\"font-style: inherit; font-family: -apple-system, BlinkMacSystemFont, 'Segoe UI', Roboto, Oxygen-Sans, Ubuntu, Cantarell, 'Helvetica Neue', sans-serif;\">myst\u00e8res et\u00a0\u00a0<\/span><span style=\"font-style: inherit; font-family: -apple-system, BlinkMacSystemFont, 'Segoe UI', Roboto, Oxygen-Sans, Ubuntu, Cantarell, 'Helvetica Neue', sans-serif;\">l\u00e9gendes anciennes <\/span><span style=\"font-style: inherit; font-family: -apple-system, BlinkMacSystemFont, 'Segoe UI', Roboto, Oxygen-Sans, Ubuntu, Cantarell, 'Helvetica Neue', sans-serif;\">.<\/span><\/p><p><span style=\"font-weight: 400;\">\u00c0 travers <\/span><i><span style=\"font-weight: 400;\">Lande de l\u00e9gende<\/span><\/i><span style=\"font-weight: 400;\">, chaque tome invite \u00e0 d\u00e9couvrir un territoire breton sous un angle nouveau : vivant, sensible, travers\u00e9 d\u2019histoires\u2026<\/span><span style=\"font-weight: 400;\"><br \/><\/span><span style=\"font-weight: 400;\">o\u00f9 la l\u00e9gende n\u2019est jamais aussi loin qu\u2019on l\u2019imagine.<\/span><\/p>\t\t\t\t\t\t\t\t<\/div>\n\t\t\t\t<div class=\"elementor-element elementor-element-853e70a elementor-widget elementor-widget-heading\" data-id=\"853e70a\" data-element_type=\"widget\" data-e-type=\"widget\" data-widget_type=\"heading.default\">\n\t\t\t\t\t<h3 class=\"elementor-heading-title elementor-size-default\">Un univers artistique en prolongement des histoires.<\/h3>\t\t\t\t<\/div>\n\t\t\t\t<div class=\"elementor-element elementor-element-e6d8cb2 elementor-widget elementor-widget-text-editor\" data-id=\"e6d8cb2\" data-element_type=\"widget\" data-e-type=\"widget\" data-widget_type=\"text-editor.default\">\n\t\t\t\t\t\t\t\t\t<p><span style=\"font-weight: 400;\">Autour des romans, Take a Breizh d\u00e9veloppe une collection d\u2019illustrations et d\u2019objets inspir\u00e9s par la Bretagne :<\/span><\/p><p><span style=\"font-weight: 400;\">Vaisselle illustr\u00e9e: beurrier en c\u00e9ramique, magnets,sachet de sel, divers objets d\u00e9coratifs et cr\u00e9ations graphiques en s\u00e9ries limit\u00e9es.<\/span><\/p><p><span style=\"font-weight: 400;\">Ces objets prolongent l\u2019univers des r\u00e9cits en m\u00ealant d\u00e9tournement graphique et\u00a0 humour. Chaque pi\u00e8ce artisanale est pens\u00e9e comme un fragment narratif, un clin d\u2019\u0153il \u00e0 une l\u00e9gende, une atmosph\u00e8re ou un lieu r\u00e9el.<\/span><\/p>\t\t\t\t\t\t\t\t<\/div>\n\t\t\t\t<div class=\"elementor-element elementor-element-41cf6d4 elementor-widget elementor-widget-heading\" data-id=\"41cf6d4\" data-element_type=\"widget\" data-e-type=\"widget\" data-widget_type=\"heading.default\">\n\t\t\t\t\t<h3 class=\"elementor-heading-title elementor-size-default\">Une cr\u00e9atrice derri\u00e8re le projet<\/h3>\t\t\t\t<\/div>\n\t\t\t\t<div class=\"elementor-element elementor-element-d5917b7 elementor-widget elementor-widget-text-editor\" data-id=\"d5917b7\" data-element_type=\"widget\" data-e-type=\"widget\" data-widget_type=\"text-editor.default\">\n\t\t\t\t\t\t\t\t\t<p><span style=\"font-weight: 400;\">Take a Breizh est port\u00e9 par <\/span>Linda Percheron, autrice et cr\u00e9atrice visuelle.<span style=\"font-weight: 400;\"><br \/><\/span><span style=\"font-weight: 400;\">Le projet est n\u00e9 d\u2019un d\u00e9sir : faire d\u00e9couvrir la Bretagne autrement,<\/span><span style=\"font-weight: 400;\"><br \/><\/span><span style=\"font-weight: 400;\">en m\u00ealant tradition, modernit\u00e9, enqu\u00eate et imagination.<\/span><\/p>\t\t\t\t\t\t\t\t<\/div>\n\t\t\t\t\t<\/div>\n\t\t\t\t<\/div>\n\t\t\t\t<\/div>\n\t\t","protected":false},"excerpt":{"rendered":"<p>A PROPOS DE TAKE A BREIZH UNE MAISON D&rsquo;\u00c9DITION IND\u00c9PENDANTE Take a Breizh est un projet \u00e9ditorial qui m\u00eale litt\u00e9rature [&hellip;]<\/p>\n","protected":false},"author":1,"featured_media":0,"parent":0,"menu_order":0,"comment_status":"closed","ping_status":"closed","template":"elementor_header_footer","meta":{"site-sidebar-layout":"no-sidebar","site-content-layout":"","ast-site-content-layout":"full-width-container","site-content-style":"default","site-sidebar-style":"default","ast-global-header-display":"","ast-banner-title-visibility":"","ast-main-header-display":"","ast-hfb-above-header-display":"","ast-hfb-below-header-display":"","ast-hfb-mobile-header-display":"","site-post-title":"","ast-breadcrumbs-content":"","ast-featured-img":"disabled","footer-sml-layout":"","ast-disable-related-posts":"","theme-transparent-header-meta":"","adv-header-id-meta":"","stick-header-meta":"","header-above-stick-meta":"","header-main-stick-meta":"","header-below-stick-meta":"","astra-migrate-meta-layouts":"default","ast-page-background-enabled":"default","ast-page-background-meta":{"desktop":{"background-color":"var(--ast-global-color-5)","background-image":"","background-repeat":"repeat","background-position":"center center","background-size":"auto","background-attachment":"scroll","background-type":"","background-media":"","overlay-type":"","overlay-color":"","overlay-opacity":"","overlay-gradient":""},"tablet":{"background-color":"","background-image":"","background-repeat":"repeat","background-position":"center center","background-size":"auto","background-attachment":"scroll","background-type":"","background-media":"","overlay-type":"","overlay-color":"","overlay-opacity":"","overlay-gradient":""},"mobile":{"background-color":"","background-image":"","background-repeat":"repeat","background-position":"center center","background-size":"auto","background-attachment":"scroll","background-type":"","background-media":"","overlay-type":"","overlay-color":"","overlay-opacity":"","overlay-gradient":""}},"ast-content-background-meta":{"desktop":{"background-color":"var(--ast-global-color-4)","background-image":"","background-repeat":"repeat","background-position":"center center","background-size":"auto","background-attachment":"scroll","background-type":"","background-media":"","overlay-type":"","overlay-color":"","overlay-opacity":"","overlay-gradient":""},"tablet":{"background-color":"var(--ast-global-color-4)","background-image":"","background-repeat":"repeat","background-position":"center center","background-size":"auto","background-attachment":"scroll","background-type":"","background-media":"","overlay-type":"","overlay-color":"","overlay-opacity":"","overlay-gradient":""},"mobile":{"background-color":"var(--ast-global-color-4)","background-image":"","background-repeat":"repeat","background-position":"center center","background-size":"auto","background-attachment":"scroll","background-type":"","background-media":"","overlay-type":"","overlay-color":"","overlay-opacity":"","overlay-gradient":""}},"footnotes":""},"class_list":["post-862","page","type-page","status-publish","hentry"],"jetpack_sharing_enabled":true,"_links":{"self":[{"href":"https:\/\/www.takeabreizh.com\/index.php\/wp-json\/wp\/v2\/pages\/862","targetHints":{"allow":["GET"]}}],"collection":[{"href":"https:\/\/www.takeabreizh.com\/index.php\/wp-json\/wp\/v2\/pages"}],"about":[{"href":"https:\/\/www.takeabreizh.com\/index.php\/wp-json\/wp\/v2\/types\/page"}],"author":[{"embeddable":true,"href":"https:\/\/www.takeabreizh.com\/index.php\/wp-json\/wp\/v2\/users\/1"}],"replies":[{"embeddable":true,"href":"https:\/\/www.takeabreizh.com\/index.php\/wp-json\/wp\/v2\/comments?post=862"}],"version-history":[{"count":7,"href":"https:\/\/www.takeabreizh.com\/index.php\/wp-json\/wp\/v2\/pages\/862\/revisions"}],"predecessor-version":[{"id":971,"href":"https:\/\/www.takeabreizh.com\/index.php\/wp-json\/wp\/v2\/pages\/862\/revisions\/971"}],"wp:attachment":[{"href":"https:\/\/www.takeabreizh.com\/index.php\/wp-json\/wp\/v2\/media?parent=862"}],"curies":[{"name":"wp","href":"https:\/\/api.w.org\/{rel}","templated":true}]}}