{"id":46,"date":"2026-01-14T18:01:23","date_gmt":"2026-01-14T17:01:23","guid":{"rendered":"https:\/\/www.takeabreizh.com\/index.php\/panier\/"},"modified":"2026-03-13T18:14:52","modified_gmt":"2026-03-13T17:14:52","slug":"panier","status":"publish","type":"page","link":"https:\/\/www.takeabreizh.com\/index.php\/panier\/","title":{"rendered":"Panier"},"content":{"rendered":"\n<div data-block-name=\"woocommerce\/cart\" class=\"wp-block-woocommerce-cart alignwide is-loading\">\n<div data-block-name=\"woocommerce\/filled-cart-block\" class=\"wp-block-woocommerce-filled-cart-block\">\n<div data-block-name=\"woocommerce\/cart-items-block\" class=\"wp-block-woocommerce-cart-items-block\">\n<div data-block-name=\"woocommerce\/cart-line-items-block\" class=\"wp-block-woocommerce-cart-line-items-block\"><\/div>\n\n\n<\/div>\n\n\n\n<div data-block-name=\"woocommerce\/cart-totals-block\" class=\"wp-block-woocommerce-cart-totals-block\">\n<div data-block-name=\"woocommerce\/cart-order-summary-block\" class=\"wp-block-woocommerce-cart-order-summary-block\">\n<div data-block-name=\"woocommerce\/cart-order-summary-heading-block\" data-content=\"Total panier\" class=\"wp-block-woocommerce-cart-order-summary-heading-block\"><\/div>\n\n\n\n<div data-block-name=\"woocommerce\/cart-order-summary-coupon-form-block\" class=\"wp-block-woocommerce-cart-order-summary-coupon-form-block\"><\/div>\n\n\n\n<div data-block-name=\"woocommerce\/cart-order-summary-totals-block\" class=\"wp-block-woocommerce-cart-order-summary-totals-block\">\n<div data-block-name=\"woocommerce\/cart-order-summary-subtotal-block\" class=\"wp-block-woocommerce-cart-order-summary-subtotal-block\"><\/div>\n\n\n\n<div data-block-name=\"woocommerce\/cart-order-summary-fee-block\" class=\"wp-block-woocommerce-cart-order-summary-fee-block\"><\/div>\n\n\n\n<div data-block-name=\"woocommerce\/cart-order-summary-discount-block\" class=\"wp-block-woocommerce-cart-order-summary-discount-block\"><\/div>\n\n\n\n<div data-block-name=\"woocommerce\/cart-order-summary-shipping-block\" class=\"wp-block-woocommerce-cart-order-summary-shipping-block\"><\/div>\n\n\n\n<div data-block-name=\"woocommerce\/cart-order-summary-taxes-block\" class=\"wp-block-woocommerce-cart-order-summary-taxes-block\"><\/div>\n<\/div>\n<\/div>\n\n\n\n<div data-block-name=\"woocommerce\/cart-express-payment-block\" class=\"wp-block-woocommerce-cart-express-payment-block\"><\/div>\n\n\n\n<div data-block-name=\"woocommerce\/proceed-to-checkout-block\" class=\"wp-block-woocommerce-proceed-to-checkout-block\"><\/div>\n\n\n\n<div data-block-name=\"woocommerce\/cart-accepted-payment-methods-block\" class=\"wp-block-woocommerce-cart-accepted-payment-methods-block\"><\/div>\n\n\n\n<p><strong>D\u00e9lais d&rsquo;exp\u00e9dition : 10 jours ouvr\u00e9s + livraison<\/strong><br><em>Fabrication artisanale \u00e0 la commande.<\/em><\/p>\n<\/div>\n<\/div>\n\n\n\n<div data-block-name=\"woocommerce\/empty-cart-block\" class=\"wp-block-woocommerce-empty-cart-block\">\n<h2 class=\"wp-block-heading has-text-align-center with-empty-cart-icon wc-block-cart__empty-cart__title\">Votre panier est actuellement vide&nbsp;!<\/h2>\n\n\n\n<hr class=\"wp-block-separator has-alpha-channel-opacity is-style-dots\"\/>\n\n\n\n<h2 class=\"wp-block-heading has-text-align-center\">Nouveau dans la boutique<\/h2>\n\n\n<div data-block-name=\"woocommerce\/product-new\" data-columns=\"4\" data-rows=\"1\" class=\"wc-block-grid wp-block-product-new wp-block-woocommerce-product-new wc-block-product-new has-4-columns\"><ul class=\"wc-block-grid__products\"><li class=\"wc-block-grid__product\">\n\t\t\t\t<a href=\"https:\/\/www.takeabreizh.com\/index.php\/produit\/collection-guest-in-breizh-vide-poche\/\" class=\"wc-block-grid__product-link\">\n\t\t\t\t\t\n\t\t\t\t\t<div class=\"wc-block-grid__product-image\"><img fetchpriority=\"high\" decoding=\"async\" width=\"300\" height=\"300\" src=\"https:\/\/i0.wp.com\/www.takeabreizh.com\/wp-content\/uploads\/2026\/03\/30.jpg?resize=300%2C300&amp;ssl=1\" class=\"attachment-woocommerce_thumbnail size-woocommerce_thumbnail\" alt=\"Collection &quot;Guest In Breizh&quot; (vide-poche)\" srcset=\"https:\/\/i0.wp.com\/www.takeabreizh.com\/wp-content\/uploads\/2026\/03\/30.jpg?w=2000&amp;ssl=1 2000w, https:\/\/i0.wp.com\/www.takeabreizh.com\/wp-content\/uploads\/2026\/03\/30.jpg?resize=300%2C300&amp;ssl=1 300w, https:\/\/i0.wp.com\/www.takeabreizh.com\/wp-content\/uploads\/2026\/03\/30.jpg?resize=100%2C100&amp;ssl=1 100w, https:\/\/i0.wp.com\/www.takeabreizh.com\/wp-content\/uploads\/2026\/03\/30.jpg?resize=600%2C600&amp;ssl=1 600w, https:\/\/i0.wp.com\/www.takeabreizh.com\/wp-content\/uploads\/2026\/03\/30.jpg?resize=1024%2C1024&amp;ssl=1 1024w, https:\/\/i0.wp.com\/www.takeabreizh.com\/wp-content\/uploads\/2026\/03\/30.jpg?resize=150%2C150&amp;ssl=1 150w, https:\/\/i0.wp.com\/www.takeabreizh.com\/wp-content\/uploads\/2026\/03\/30.jpg?resize=768%2C768&amp;ssl=1 768w, https:\/\/i0.wp.com\/www.takeabreizh.com\/wp-content\/uploads\/2026\/03\/30.jpg?resize=1536%2C1536&amp;ssl=1 1536w\" sizes=\"(max-width: 300px) 100vw, 300px\" \/><\/div>\n\t\t\t\t\t<div class=\"wc-block-grid__product-title\">Collection \u00ab\u00a0Guest In Breizh\u00a0\u00bb (vide-poche)<\/div>\n\t\t\t\t<\/a>\n\t\t\t\t<div class=\"wc-block-grid__product-price price\"><span class=\"woocommerce-Price-amount amount\">17,90&nbsp;<span class=\"woocommerce-Price-currencySymbol\">&euro;<\/span><\/span><\/div>\n\t\t\t\t\n\t\t\t\t<div class=\"wp-block-button wc-block-grid__product-add-to-cart\"><a href=\"https:\/\/www.takeabreizh.com\/index.php\/produit\/collection-guest-in-breizh-vide-poche\/\" aria-label=\"S\u00e9lectionner les options pour &ldquo;Collection &quot;Guest In Breizh&quot; (vide-poche)&rdquo;\" data-quantity=\"1\" data-product_id=\"691\" data-product_sku=\"\" data-price=\"17.9\" rel=\"nofollow\" class=\"wp-block-button__link  add_to_cart_button\">Choix des options<\/a><\/div>\n\t\t\t<\/li><li class=\"wc-block-grid__product\">\n\t\t\t\t<a href=\"https:\/\/www.takeabreizh.com\/index.php\/produit\/magnet-ceramique\/\" class=\"wc-block-grid__product-link\">\n\t\t\t\t\t\n\t\t\t\t\t<div class=\"wc-block-grid__product-image\"><img decoding=\"async\" width=\"300\" height=\"300\" src=\"https:\/\/i0.wp.com\/www.takeabreizh.com\/wp-content\/uploads\/2026\/01\/22.jpg?resize=300%2C300&amp;ssl=1\" class=\"attachment-woocommerce_thumbnail size-woocommerce_thumbnail\" alt=\"Magnet en c\u00e9ramique \u2013 Illustration Take a Breizh\u00a0\" srcset=\"https:\/\/i0.wp.com\/www.takeabreizh.com\/wp-content\/uploads\/2026\/01\/22.jpg?w=2000&amp;ssl=1 2000w, https:\/\/i0.wp.com\/www.takeabreizh.com\/wp-content\/uploads\/2026\/01\/22.jpg?resize=300%2C300&amp;ssl=1 300w, https:\/\/i0.wp.com\/www.takeabreizh.com\/wp-content\/uploads\/2026\/01\/22.jpg?resize=100%2C100&amp;ssl=1 100w, https:\/\/i0.wp.com\/www.takeabreizh.com\/wp-content\/uploads\/2026\/01\/22.jpg?resize=600%2C600&amp;ssl=1 600w, https:\/\/i0.wp.com\/www.takeabreizh.com\/wp-content\/uploads\/2026\/01\/22.jpg?resize=1024%2C1024&amp;ssl=1 1024w, https:\/\/i0.wp.com\/www.takeabreizh.com\/wp-content\/uploads\/2026\/01\/22.jpg?resize=150%2C150&amp;ssl=1 150w, https:\/\/i0.wp.com\/www.takeabreizh.com\/wp-content\/uploads\/2026\/01\/22.jpg?resize=768%2C768&amp;ssl=1 768w, https:\/\/i0.wp.com\/www.takeabreizh.com\/wp-content\/uploads\/2026\/01\/22.jpg?resize=1536%2C1536&amp;ssl=1 1536w\" sizes=\"(max-width: 300px) 100vw, 300px\" \/><\/div>\n\t\t\t\t\t<div class=\"wc-block-grid__product-title\">Magnet en c\u00e9ramique \u2013 Illustration Take a Breizh\u00a0<\/div>\n\t\t\t\t<\/a>\n\t\t\t\t<div class=\"wc-block-grid__product-price price\"><span class=\"woocommerce-Price-amount amount\">6,90&nbsp;<span class=\"woocommerce-Price-currencySymbol\">&euro;<\/span><\/span><\/div>\n\t\t\t\t\n\t\t\t\t<div class=\"wp-block-button wc-block-grid__product-add-to-cart\"><a href=\"https:\/\/www.takeabreizh.com\/index.php\/produit\/magnet-ceramique\/\" aria-label=\"S\u00e9lectionner les options pour &ldquo;Magnet en c\u00e9ramique \u2013 Illustration Take a Breizh\u00a0&rdquo;\" data-quantity=\"1\" data-product_id=\"400\" data-product_sku=\"\" data-price=\"6.9\" rel=\"nofollow\" class=\"wp-block-button__link  add_to_cart_button\">Choix des options<\/a><\/div>\n\t\t\t<\/li><li class=\"wc-block-grid__product\">\n\t\t\t\t<a href=\"https:\/\/www.takeabreizh.com\/index.php\/produit\/vide-poche\/\" class=\"wc-block-grid__product-link\">\n\t\t\t\t\t\n\t\t\t\t\t<div class=\"wc-block-grid__product-image\"><img decoding=\"async\" width=\"300\" height=\"300\" src=\"https:\/\/i0.wp.com\/www.takeabreizh.com\/wp-content\/uploads\/2026\/01\/26.jpg?resize=300%2C300&amp;ssl=1\" class=\"attachment-woocommerce_thumbnail size-woocommerce_thumbnail\" alt=\"Collection &quot;Guest In Breizh&quot; (vide-poche)\" srcset=\"https:\/\/i0.wp.com\/www.takeabreizh.com\/wp-content\/uploads\/2026\/01\/26.jpg?w=2000&amp;ssl=1 2000w, https:\/\/i0.wp.com\/www.takeabreizh.com\/wp-content\/uploads\/2026\/01\/26.jpg?resize=300%2C300&amp;ssl=1 300w, https:\/\/i0.wp.com\/www.takeabreizh.com\/wp-content\/uploads\/2026\/01\/26.jpg?resize=100%2C100&amp;ssl=1 100w, https:\/\/i0.wp.com\/www.takeabreizh.com\/wp-content\/uploads\/2026\/01\/26.jpg?resize=600%2C600&amp;ssl=1 600w, https:\/\/i0.wp.com\/www.takeabreizh.com\/wp-content\/uploads\/2026\/01\/26.jpg?resize=1024%2C1024&amp;ssl=1 1024w, https:\/\/i0.wp.com\/www.takeabreizh.com\/wp-content\/uploads\/2026\/01\/26.jpg?resize=150%2C150&amp;ssl=1 150w, https:\/\/i0.wp.com\/www.takeabreizh.com\/wp-content\/uploads\/2026\/01\/26.jpg?resize=768%2C768&amp;ssl=1 768w, https:\/\/i0.wp.com\/www.takeabreizh.com\/wp-content\/uploads\/2026\/01\/26.jpg?resize=1536%2C1536&amp;ssl=1 1536w\" sizes=\"(max-width: 300px) 100vw, 300px\" \/><\/div>\n\t\t\t\t\t<div class=\"wc-block-grid__product-title\">Collection \u00ab\u00a0Guest In Breizh\u00a0\u00bb (vide-poche)<\/div>\n\t\t\t\t<\/a>\n\t\t\t\t<div class=\"wc-block-grid__product-price price\"><span class=\"woocommerce-Price-amount amount\">21,90&nbsp;<span class=\"woocommerce-Price-currencySymbol\">&euro;<\/span><\/span><\/div>\n\t\t\t\t\n\t\t\t\t<div class=\"wp-block-button wc-block-grid__product-add-to-cart\"><a href=\"https:\/\/www.takeabreizh.com\/index.php\/produit\/vide-poche\/\" aria-label=\"S\u00e9lectionner les options pour &ldquo;Collection &quot;Guest In Breizh&quot; (vide-poche)&rdquo;\" data-quantity=\"1\" data-product_id=\"375\" data-product_sku=\"\" data-price=\"21.9\" rel=\"nofollow\" class=\"wp-block-button__link  add_to_cart_button\">Choix des options<\/a><\/div>\n\t\t\t<\/li><li class=\"wc-block-grid__product\">\n\t\t\t\t<a href=\"https:\/\/www.takeabreizh.com\/index.php\/produit\/sel-sachet\/\" class=\"wc-block-grid__product-link\">\n\t\t\t\t\t\n\t\t\t\t\t<div class=\"wc-block-grid__product-image\"><img loading=\"lazy\" decoding=\"async\" width=\"300\" height=\"300\" src=\"https:\/\/i0.wp.com\/www.takeabreizh.com\/wp-content\/uploads\/2026\/01\/20.jpg?resize=300%2C300&amp;ssl=1\" class=\"attachment-woocommerce_thumbnail size-woocommerce_thumbnail\" alt=\"Collection &quot;Les iconiques bretons&quot; (Sachet de gros sel)\" srcset=\"https:\/\/i0.wp.com\/www.takeabreizh.com\/wp-content\/uploads\/2026\/01\/20.jpg?w=2000&amp;ssl=1 2000w, https:\/\/i0.wp.com\/www.takeabreizh.com\/wp-content\/uploads\/2026\/01\/20.jpg?resize=300%2C300&amp;ssl=1 300w, https:\/\/i0.wp.com\/www.takeabreizh.com\/wp-content\/uploads\/2026\/01\/20.jpg?resize=100%2C100&amp;ssl=1 100w, https:\/\/i0.wp.com\/www.takeabreizh.com\/wp-content\/uploads\/2026\/01\/20.jpg?resize=600%2C600&amp;ssl=1 600w, https:\/\/i0.wp.com\/www.takeabreizh.com\/wp-content\/uploads\/2026\/01\/20.jpg?resize=1024%2C1024&amp;ssl=1 1024w, https:\/\/i0.wp.com\/www.takeabreizh.com\/wp-content\/uploads\/2026\/01\/20.jpg?resize=150%2C150&amp;ssl=1 150w, https:\/\/i0.wp.com\/www.takeabreizh.com\/wp-content\/uploads\/2026\/01\/20.jpg?resize=768%2C768&amp;ssl=1 768w, https:\/\/i0.wp.com\/www.takeabreizh.com\/wp-content\/uploads\/2026\/01\/20.jpg?resize=1536%2C1536&amp;ssl=1 1536w\" sizes=\"(max-width: 300px) 100vw, 300px\" \/><\/div>\n\t\t\t\t\t<div class=\"wc-block-grid__product-title\">Collection \u00ab\u00a0Les iconiques bretons\u00a0\u00bb (Sachet de gros sel)<\/div>\n\t\t\t\t<\/a>\n\t\t\t\t<div class=\"wc-block-grid__product-price price\"><span class=\"woocommerce-Price-amount amount\">8,90&nbsp;<span class=\"woocommerce-Price-currencySymbol\">&euro;<\/span><\/span><\/div>\n\t\t\t\t\n\t\t\t\t<div class=\"wp-block-button wc-block-grid__product-add-to-cart\"><a href=\"\/index.php\/wp-json\/wp\/v2\/pages\/46?add-to-cart=363\" aria-label=\"Ajouter au panier\u00a0: &ldquo;Collection &quot;Les iconiques bretons&quot; (Sachet de gros sel)&rdquo;\" data-quantity=\"1\" data-product_id=\"363\" data-product_sku=\"\" data-price=\"8.9\" rel=\"nofollow\" class=\"wp-block-button__link  add_to_cart_button ajax_add_to_cart\">Ajouter au panier<\/a><\/div>\n\t\t\t<\/li><\/ul><\/div><\/div>\n<\/div>\n","protected":false},"excerpt":{"rendered":"","protected":false},"author":1,"featured_media":0,"parent":0,"menu_order":0,"comment_status":"closed","ping_status":"closed","template":"","meta":{"site-sidebar-layout":"default","site-content-layout":"","ast-site-content-layout":"default","site-content-style":"default","site-sidebar-style":"default","ast-global-header-display":"","ast-banner-title-visibility":"","ast-main-header-display":"","ast-hfb-above-header-display":"","ast-hfb-below-header-display":"","ast-hfb-mobile-header-display":"","site-post-title":"","ast-breadcrumbs-content":"","ast-featured-img":"","footer-sml-layout":"","ast-disable-related-posts":"","theme-transparent-header-meta":"","adv-header-id-meta":"","stick-header-meta":"","header-above-stick-meta":"","header-main-stick-meta":"","header-below-stick-meta":"","astra-migrate-meta-layouts":"default","ast-page-background-enabled":"default","ast-page-background-meta":{"desktop":{"background-color":"var(--ast-global-color-5)","background-image":"","background-repeat":"repeat","background-position":"center center","background-size":"auto","background-attachment":"scroll","background-type":"","background-media":"","overlay-type":"","overlay-color":"","overlay-opacity":"","overlay-gradient":""},"tablet":{"background-color":"","background-image":"","background-repeat":"repeat","background-position":"center center","background-size":"auto","background-attachment":"scroll","background-type":"","background-media":"","overlay-type":"","overlay-color":"","overlay-opacity":"","overlay-gradient":""},"mobile":{"background-color":"","background-image":"","background-repeat":"repeat","background-position":"center center","background-size":"auto","background-attachment":"scroll","background-type":"","background-media":"","overlay-type":"","overlay-color":"","overlay-opacity":"","overlay-gradient":""}},"ast-content-background-meta":{"desktop":{"background-color":"var(--ast-global-color-4)","background-image":"","background-repeat":"repeat","background-position":"center center","background-size":"auto","background-attachment":"scroll","background-type":"","background-media":"","overlay-type":"","overlay-color":"","overlay-opacity":"","overlay-gradient":""},"tablet":{"background-color":"var(--ast-global-color-4)","background-image":"","background-repeat":"repeat","background-position":"center center","background-size":"auto","background-attachment":"scroll","background-type":"","background-media":"","overlay-type":"","overlay-color":"","overlay-opacity":"","overlay-gradient":""},"mobile":{"background-color":"var(--ast-global-color-4)","background-image":"","background-repeat":"repeat","background-position":"center center","background-size":"auto","background-attachment":"scroll","background-type":"","background-media":"","overlay-type":"","overlay-color":"","overlay-opacity":"","overlay-gradient":""}},"footnotes":""},"class_list":["post-46","page","type-page","status-publish","hentry"],"jetpack_sharing_enabled":true,"_links":{"self":[{"href":"https:\/\/www.takeabreizh.com\/index.php\/wp-json\/wp\/v2\/pages\/46","targetHints":{"allow":["GET"]}}],"collection":[{"href":"https:\/\/www.takeabreizh.com\/index.php\/wp-json\/wp\/v2\/pages"}],"about":[{"href":"https:\/\/www.takeabreizh.com\/index.php\/wp-json\/wp\/v2\/types\/page"}],"author":[{"embeddable":true,"href":"https:\/\/www.takeabreizh.com\/index.php\/wp-json\/wp\/v2\/users\/1"}],"replies":[{"embeddable":true,"href":"https:\/\/www.takeabreizh.com\/index.php\/wp-json\/wp\/v2\/comments?post=46"}],"version-history":[{"count":3,"href":"https:\/\/www.takeabreizh.com\/index.php\/wp-json\/wp\/v2\/pages\/46\/revisions"}],"predecessor-version":[{"id":460,"href":"https:\/\/www.takeabreizh.com\/index.php\/wp-json\/wp\/v2\/pages\/46\/revisions\/460"}],"wp:attachment":[{"href":"https:\/\/www.takeabreizh.com\/index.php\/wp-json\/wp\/v2\/media?parent=46"}],"curies":[{"name":"wp","href":"https:\/\/api.w.org\/{rel}","templated":true}]}}